{"id":786,"date":"2022-01-05T22:06:58","date_gmt":"2022-01-05T22:06:58","guid":{"rendered":"https:\/\/www.20chocolate.si\/philosophie\/"},"modified":"2022-01-05T22:06:58","modified_gmt":"2022-01-05T22:06:58","slug":"philosophie","status":"publish","type":"page","link":"https:\/\/www.20chocolate.si\/de\/philosophie\/","title":{"rendered":"Philosophie"},"content":{"rendered":"<p><div class=\"fusion-fullwidth fullwidth-box fusion-builder-row-1 fusion-flex-container fusion-parallax-none nonhundred-percent-fullwidth non-hundred-percent-height-scrolling\" style=\"background-color: #432923;background-image: url(&quot;http:\/\/www.20chocolate.si\/wp-content\/uploads\/2021\/04\/20chocolate-filozofija-header-flip.jpg&quot;);background-image:linear-gradient(0deg, rgba(67,41,35,0.2) 0%,rgba(43,19,6,0.8) 56%),url(http:\/\/www.20chocolate.si\/wp-content\/uploads\/2021\/04\/20chocolate-filozofija-header-flip.jpg);background-position: center center;background-repeat: no-repeat;border-width: 0px 0px 0px 0px;border-color:#e2e2e2;border-style:solid;-webkit-background-size:cover;-moz-background-size:cover;-o-background-size:cover;background-size:cover;\" ><div class=\"fusion-builder-row fusion-row fusion-flex-align-items-center fusion-flex-align-content-center fusion-flex-justify-content-center\" style=\"max-width:1248px;margin-left: calc(-4% \/ 2 );margin-right: calc(-4% \/ 2 );\"><div class=\"fusion-layout-column fusion_builder_column fusion-builder-column-0 fusion_builder_column_1_1 1_1 fusion-flex-column\"><div class=\"fusion-column-wrapper fusion-flex-justify-content-center fusion-content-layout-column\" style=\"background-position:left top;background-repeat:no-repeat;-webkit-background-size:cover;-moz-background-size:cover;-o-background-size:cover;background-size:cover;padding: 0px 0px 0px 0px;\"><div class=\"fusion-text fusion-text-1 fusion-text-no-margin\" style=\"text-align:center;font-size:16px;color:rgba(255,255,255,0.85);margin-bottom:5px;\"><p><em>\u00bbWir eilen nicht. Das haben wir nie getan und werden es auch nie tun.\u00ab<\/em><\/p>\n<\/div><\/div><style type=\"text\/css\">.fusion-body .fusion-builder-column-0{width:100% !important;margin-top : 0px;margin-bottom : 0px;}.fusion-builder-column-0 > .fusion-column-wrapper {padding-top : 0px !important;padding-right : 0px !important;margin-right : 0%;padding-bottom : 0px !important;padding-left : 0px !important;margin-left : 0%;}@media only screen and (max-width:1024px) {.fusion-body .fusion-builder-column-0{width:100% !important;order : 0;}.fusion-builder-column-0 > .fusion-column-wrapper {margin-right : 0%;margin-left : 0%;}}@media only screen and (max-width:640px) {.fusion-body .fusion-builder-column-0{width:100% !important;order : 0;}.fusion-builder-column-0 > .fusion-column-wrapper {margin-right : 1.92%;margin-left : 1.92%;}}<\/style><\/div><\/div><style type=\"text\/css\">.fusion-body .fusion-flex-container.fusion-builder-row-1{ padding-top : 180px;margin-top : 0px;padding-right : 0px;padding-bottom : 70px;margin-bottom : 0px;padding-left : 0px;}<\/style><\/div><div class=\"fusion-fullwidth fullwidth-box fusion-builder-row-2 fusion-flex-container fusion-parallax-none background-size nonhundred-percent-fullwidth non-hundred-percent-height-scrolling\" style=\"background-color: #d6cab5;background-image: url(&quot;http:\/\/www.20chocolate.si\/wp-content\/uploads\/2021\/04\/20-chocolate-pattern-bg-white-huge-10op.png&quot;);background-position: right bottom;background-repeat: no-repeat;border-width: 0px 0px 0px 0px;border-color:#e2e2e2;border-style:solid;-webkit-background-size:cover;-moz-background-size:cover;-o-background-size:cover;background-size:cover;\" ><div class=\"fusion-builder-row fusion-row fusion-flex-align-items-flex-start\" style=\"max-width:1248px;margin-left: calc(-4% \/ 2 );margin-right: calc(-4% \/ 2 );\"><div class=\"fusion-layout-column fusion_builder_column fusion-builder-column-1 fusion_builder_column_1_2 1_2 fusion-flex-column\"><div class=\"fusion-column-wrapper fusion-flex-justify-content-flex-start fusion-content-layout-column\" style=\"background-position:left top;background-repeat:no-repeat;-webkit-background-size:cover;-moz-background-size:cover;-o-background-size:cover;background-size:cover;padding: 0px 0px 0px 0px;\"><div ><span class=\" fusion-imageframe imageframe-none imageframe-1 hover-type-none\"><img decoding=\"async\" width=\"1707\" height=\"2560\" title=\"20chocolate-3_2-30\" src=\"http:\/\/www.20chocolate.si\/wp-content\/uploads\/2021\/04\/20chocolate-3_2-30-scaled.jpg\" class=\"img-responsive wp-image-705\" srcset=\"https:\/\/www.20chocolate.si\/wp-content\/uploads\/2021\/04\/20chocolate-3_2-30-200x300.jpg 200w, https:\/\/www.20chocolate.si\/wp-content\/uploads\/2021\/04\/20chocolate-3_2-30-400x600.jpg 400w, https:\/\/www.20chocolate.si\/wp-content\/uploads\/2021\/04\/20chocolate-3_2-30-600x900.jpg 600w, https:\/\/www.20chocolate.si\/wp-content\/uploads\/2021\/04\/20chocolate-3_2-30-800x1200.jpg 800w, https:\/\/www.20chocolate.si\/wp-content\/uploads\/2021\/04\/20chocolate-3_2-30-1200x1800.jpg 1200w, https:\/\/www.20chocolate.si\/wp-content\/uploads\/2021\/04\/20chocolate-3_2-30-scaled.jpg 1707w\" sizes=\"(max-width: 640px) 100vw, 600px\" \/><\/span><\/div><\/div><style type=\"text\/css\">.fusion-body .fusion-builder-column-1{width:50% !important;margin-top : 0px;margin-bottom : 20px;}.fusion-builder-column-1 > .fusion-column-wrapper {padding-top : 0px !important;padding-right : 0px !important;margin-right : 3.84%;padding-bottom : 0px !important;padding-left : 0px !important;margin-left : 3.84%;}@media only screen and (max-width:1024px) {.fusion-body .fusion-builder-column-1{width:50% !important;order : 0;}.fusion-builder-column-1 > .fusion-column-wrapper {margin-right : 3.84%;margin-left : 3.84%;}}@media only screen and (max-width:640px) {.fusion-body .fusion-builder-column-1{width:100% !important;order : 0;}.fusion-builder-column-1 > .fusion-column-wrapper {margin-right : 1.92%;margin-left : 1.92%;}}<\/style><\/div><div class=\"fusion-layout-column fusion_builder_column fusion-builder-column-2 fusion_builder_column_1_2 1_2 fusion-flex-column fusion-flex-align-self-flex-start\"><div class=\"fusion-column-wrapper fusion-flex-justify-content-flex-start fusion-content-layout-column\" style=\"background-position:left top;background-repeat:no-repeat;-webkit-background-size:cover;-moz-background-size:cover;-o-background-size:cover;background-size:cover;padding: 0px 0px 0px 0px;\"><div class=\"fusion-text fusion-text-2\" style=\"color:#432923;\"><h3 style=\"margin-top: 0px;\">Unser Weg<\/h3>\n<p><strong>Wir eilen nicht. Das haben wir nie getan und werden es auch nie tun. <\/strong><\/p>\n<p><span style=\"font-family: var(--body_typography-font-family); font-size: var(--body_typography-font-size); font-style: var(--body_typography-font-style,normal); font-weight: var(--body_typography-font-weight); letter-spacing: var(--body_typography-letter-spacing);\">Normalerweise wird eine gew\u00f6hnliche Schokolade an einem Tag hergestellt, eine Bean-to-Bar Schokolade in drei Tagen. Bei 20 Chocolate nehmen wir uns auch bis zu 21 Tage Zeit. Jede Lieferung Kakao, Haseln\u00fcsse und Kokosbl\u00fctenzucker hat eine andere Ausgangsbasis (Geschmack, Gr\u00f6\u00dfe, Feuchtigkeit usw.) und erfordert daher eine st\u00e4ndige Anpassung der Prozesse. Nur so kann ein Produkt auf h\u00f6chstem Niveau garantiert werden.  <\/span><\/p>\n<p><span style=\"font-family: var(--body_typography-font-family); font-size: var(--body_typography-font-size); font-style: var(--body_typography-font-style,normal); font-weight: var(--body_typography-font-weight); letter-spacing: var(--body_typography-letter-spacing);\">Wir verwenden keine Halbfertigprodukte (Haselnusspaste und Kakaomasse), da sie alle den gleichen allgemeinen Geschmack haben.<\/span><\/p>\n<h3>WIR KENNEN UNSERE LIEFERANTEN<\/h3>\n<p>Wir kennen unsere Lieferanten. Wir wissen, wer sie sind, wie sie arbeiten, wie sie denken, wie viel M\u00fche sie sich geben und welche Verfahren sie anwenden, um die von uns gesch\u00e4tzten Rohstoffe zu erzeugen. Wir kaufen auf keinen Fall blindlings S\u00e4cke mit Rohstoffen. Nur so l\u00e4sst sich Schokolade herstellen, die in Bezug auf Intensit\u00e4t und Geschmackseigenschaften zu den besten der Welt geh\u00f6rt.   <\/p>\n<h3>MISSION<\/h3>\n<p>Verantwortungsvoller Schokoladenkonsum.<\/p>\n<p><em>Was bedeutet das genau?<br \/>\n<\/em>Wir kaufen unsere Zutaten von Erzeugern, die selbst bestimmen k\u00f6nnen, zu welchem Preis sie ihre Produkte verkaufen. Dies beeintr\u00e4chtigt weder ihre soziale Sicherheit noch ihre Lebensvorstellungen. Wir glauben, dass wir durch die Unterst\u00fctzung und Wertsch\u00e4tzung ihrer Arbeit eine gute Energie in den gesamten Prozess einbringen. Deshalb sagen wir, dass unsere Produkte auch eine gute Energie haben.<\/p>\n<\/div><\/div><style type=\"text\/css\">.fusion-body .fusion-builder-column-2{width:50% !important;margin-top : 0px;margin-bottom : 20px;}.fusion-builder-column-2 > .fusion-column-wrapper {padding-top : 0px !important;padding-right : 0px !important;margin-right : 3.84%;padding-bottom : 0px !important;padding-left : 0px !important;margin-left : 3.84%;}@media only screen and (max-width:1024px) {.fusion-body .fusion-builder-column-2{width:50% !important;order : 0;}.fusion-builder-column-2 > .fusion-column-wrapper {margin-right : 3.84%;margin-left : 3.84%;}}@media only screen and (max-width:640px) {.fusion-body .fusion-builder-column-2{width:100% !important;order : 0;}.fusion-builder-column-2 > .fusion-column-wrapper {margin-right : 1.92%;margin-left : 1.92%;}}<\/style><\/div><\/div><style type=\"text\/css\">.fusion-body .fusion-flex-container.fusion-builder-row-2{ padding-top : 4%;margin-top : 0px;padding-right : 0px;padding-bottom : 4%;margin-bottom : 0px;padding-left : 0px;}<\/style><\/div><\/p>\n","protected":false},"excerpt":{"rendered":"","protected":false},"author":1,"featured_media":705,"parent":0,"menu_order":0,"comment_status":"closed","ping_status":"closed","template":"100-width.php","meta":{"footnotes":""},"class_list":["post-786","page","type-page","status-publish","has-post-thumbnail","hentry"],"acf":[],"yoast_head":"<!-- This site is optimized with the Yoast SEO plugin v19.10 - https:\/\/yoast.com\/wordpress\/plugins\/seo\/ -->\n<title>Philosophie - 20chocolate<\/title>\n<meta name=\"description\" content=\"Normalerweise wird eine gew\u00f6hnliche Schokolade an einem Tag hergestellt, eine Bean-to-Bar Schokolade in drei Tagen. Bei 20 Chocolate nehmen wir uns auch bis zu 21 Tage Zeit.\" \/>\n<meta name=\"robots\" content=\"index, follow, max-snippet:-1, max-image-preview:large, max-video-preview:-1\" \/>\n<link rel=\"canonical\" href=\"https:\/\/www.20chocolate.si\/de\/philosophie\/\" \/>\n<meta property=\"og:locale\" content=\"de_DE\" \/>\n<meta property=\"og:type\" content=\"article\" \/>\n<meta property=\"og:title\" content=\"Philosophie - 20chocolate\" \/>\n<meta property=\"og:description\" content=\"Normalerweise wird eine gew\u00f6hnliche Schokolade an einem Tag hergestellt, eine Bean-to-Bar Schokolade in drei Tagen. Bei 20 Chocolate nehmen wir uns auch bis zu 21 Tage Zeit.\" \/>\n<meta property=\"og:url\" content=\"https:\/\/www.20chocolate.si\/de\/philosophie\/\" \/>\n<meta property=\"og:site_name\" content=\"20chocolate\" \/>\n<meta property=\"og:image\" content=\"https:\/\/www.20chocolate.si\/wp-content\/uploads\/2021\/04\/20chocolate-3_2-30-scaled.jpg\" \/>\n\t<meta property=\"og:image:width\" content=\"1707\" \/>\n\t<meta property=\"og:image:height\" content=\"2560\" \/>\n\t<meta property=\"og:image:type\" content=\"image\/jpeg\" \/>\n<meta name=\"twitter:card\" content=\"summary_large_image\" \/>\n<meta name=\"twitter:label1\" content=\"Gesch\u00e4tzte Lesezeit\" \/>\n\t<meta name=\"twitter:data1\" content=\"8\u00a0Minuten\" \/>\n<script type=\"application\/ld+json\" class=\"yoast-schema-graph\">{\"@context\":\"https:\/\/schema.org\",\"@graph\":[{\"@type\":\"WebPage\",\"@id\":\"https:\/\/www.20chocolate.si\/de\/philosophie\/\",\"url\":\"https:\/\/www.20chocolate.si\/de\/philosophie\/\",\"name\":\"Philosophie - 20chocolate\",\"isPartOf\":{\"@id\":\"https:\/\/www.20chocolate.si\/#website\"},\"datePublished\":\"2022-01-05T22:06:58+00:00\",\"dateModified\":\"2022-01-05T22:06:58+00:00\",\"description\":\"Normalerweise wird eine gew\u00f6hnliche Schokolade an einem Tag hergestellt, eine Bean-to-Bar Schokolade in drei Tagen. Bei 20 Chocolate nehmen wir uns auch bis zu 21 Tage Zeit.\",\"breadcrumb\":{\"@id\":\"https:\/\/www.20chocolate.si\/de\/philosophie\/#breadcrumb\"},\"inLanguage\":\"de\",\"potentialAction\":[{\"@type\":\"ReadAction\",\"target\":[\"https:\/\/www.20chocolate.si\/de\/philosophie\/\"]}]},{\"@type\":\"BreadcrumbList\",\"@id\":\"https:\/\/www.20chocolate.si\/de\/philosophie\/#breadcrumb\",\"itemListElement\":[{\"@type\":\"ListItem\",\"position\":1,\"name\":\"Home\",\"item\":\"https:\/\/www.20chocolate.si\/de\/\"},{\"@type\":\"ListItem\",\"position\":2,\"name\":\"Philosophie\"}]},{\"@type\":\"WebSite\",\"@id\":\"https:\/\/www.20chocolate.si\/#website\",\"url\":\"https:\/\/www.20chocolate.si\/\",\"name\":\"20chocolate\",\"description\":\"Chocolate page\",\"potentialAction\":[{\"@type\":\"SearchAction\",\"target\":{\"@type\":\"EntryPoint\",\"urlTemplate\":\"https:\/\/www.20chocolate.si\/?s={search_term_string}\"},\"query-input\":\"required name=search_term_string\"}],\"inLanguage\":\"de\"}]}<\/script>\n<!-- \/ Yoast SEO plugin. -->","yoast_head_json":{"title":"Philosophie - 20chocolate","description":"Normalerweise wird eine gew\u00f6hnliche Schokolade an einem Tag hergestellt, eine Bean-to-Bar Schokolade in drei Tagen. Bei 20 Chocolate nehmen wir uns auch bis zu 21 Tage Zeit.","robots":{"index":"index","follow":"follow","max-snippet":"max-snippet:-1","max-image-preview":"max-image-preview:large","max-video-preview":"max-video-preview:-1"},"canonical":"https:\/\/www.20chocolate.si\/de\/philosophie\/","og_locale":"de_DE","og_type":"article","og_title":"Philosophie - 20chocolate","og_description":"Normalerweise wird eine gew\u00f6hnliche Schokolade an einem Tag hergestellt, eine Bean-to-Bar Schokolade in drei Tagen. Bei 20 Chocolate nehmen wir uns auch bis zu 21 Tage Zeit.","og_url":"https:\/\/www.20chocolate.si\/de\/philosophie\/","og_site_name":"20chocolate","og_image":[{"width":1707,"height":2560,"url":"https:\/\/www.20chocolate.si\/wp-content\/uploads\/2021\/04\/20chocolate-3_2-30-scaled.jpg","type":"image\/jpeg"}],"twitter_card":"summary_large_image","twitter_misc":{"Gesch\u00e4tzte Lesezeit":"8\u00a0Minuten"},"schema":{"@context":"https:\/\/schema.org","@graph":[{"@type":"WebPage","@id":"https:\/\/www.20chocolate.si\/de\/philosophie\/","url":"https:\/\/www.20chocolate.si\/de\/philosophie\/","name":"Philosophie - 20chocolate","isPartOf":{"@id":"https:\/\/www.20chocolate.si\/#website"},"datePublished":"2022-01-05T22:06:58+00:00","dateModified":"2022-01-05T22:06:58+00:00","description":"Normalerweise wird eine gew\u00f6hnliche Schokolade an einem Tag hergestellt, eine Bean-to-Bar Schokolade in drei Tagen. Bei 20 Chocolate nehmen wir uns auch bis zu 21 Tage Zeit.","breadcrumb":{"@id":"https:\/\/www.20chocolate.si\/de\/philosophie\/#breadcrumb"},"inLanguage":"de","potentialAction":[{"@type":"ReadAction","target":["https:\/\/www.20chocolate.si\/de\/philosophie\/"]}]},{"@type":"BreadcrumbList","@id":"https:\/\/www.20chocolate.si\/de\/philosophie\/#breadcrumb","itemListElement":[{"@type":"ListItem","position":1,"name":"Home","item":"https:\/\/www.20chocolate.si\/de\/"},{"@type":"ListItem","position":2,"name":"Philosophie"}]},{"@type":"WebSite","@id":"https:\/\/www.20chocolate.si\/#website","url":"https:\/\/www.20chocolate.si\/","name":"20chocolate","description":"Chocolate page","potentialAction":[{"@type":"SearchAction","target":{"@type":"EntryPoint","urlTemplate":"https:\/\/www.20chocolate.si\/?s={search_term_string}"},"query-input":"required name=search_term_string"}],"inLanguage":"de"}]}},"_links":{"self":[{"href":"https:\/\/www.20chocolate.si\/de\/wp-json\/wp\/v2\/pages\/786","targetHints":{"allow":["GET"]}}],"collection":[{"href":"https:\/\/www.20chocolate.si\/de\/wp-json\/wp\/v2\/pages"}],"about":[{"href":"https:\/\/www.20chocolate.si\/de\/wp-json\/wp\/v2\/types\/page"}],"author":[{"embeddable":true,"href":"https:\/\/www.20chocolate.si\/de\/wp-json\/wp\/v2\/users\/1"}],"replies":[{"embeddable":true,"href":"https:\/\/www.20chocolate.si\/de\/wp-json\/wp\/v2\/comments?post=786"}],"version-history":[{"count":2,"href":"https:\/\/www.20chocolate.si\/de\/wp-json\/wp\/v2\/pages\/786\/revisions"}],"predecessor-version":[{"id":789,"href":"https:\/\/www.20chocolate.si\/de\/wp-json\/wp\/v2\/pages\/786\/revisions\/789"}],"wp:featuredmedia":[{"embeddable":true,"href":"https:\/\/www.20chocolate.si\/de\/wp-json\/wp\/v2\/media\/705"}],"wp:attachment":[{"href":"https:\/\/www.20chocolate.si\/de\/wp-json\/wp\/v2\/media?parent=786"}],"curies":[{"name":"wp","href":"https:\/\/api.w.org\/{rel}","templated":true}]}}