{"id":764,"date":"2022-01-05T21:28:19","date_gmt":"2022-01-05T21:28:19","guid":{"rendered":"https:\/\/www.20chocolate.si\/ueber-uns\/"},"modified":"2022-01-07T20:47:08","modified_gmt":"2022-01-07T20:47:08","slug":"ueber-uns","status":"publish","type":"page","link":"https:\/\/www.20chocolate.si\/de\/ueber-uns\/","title":{"rendered":"\u00dcber uns"},"content":{"rendered":"<p><div class=\"fusion-fullwidth fullwidth-box fusion-builder-row-1 fusion-flex-container fusion-parallax-none nonhundred-percent-fullwidth non-hundred-percent-height-scrolling\" style=\"background-color: #432923;background-image: url(&quot;http:\/\/www.20chocolate.si\/wp-content\/uploads\/2021\/04\/20-chocolate-vreca-header.jpg&quot;);background-image:linear-gradient(0deg, rgba(67,41,35,0.2) 0%,rgba(43,19,6,0.6) 56%),url(http:\/\/www.20chocolate.si\/wp-content\/uploads\/2021\/04\/20-chocolate-vreca-header.jpg);background-position: center top;background-repeat: no-repeat;border-width: 0px 0px 0px 0px;border-color:#e2e2e2;border-style:solid;-webkit-background-size:cover;-moz-background-size:cover;-o-background-size:cover;background-size:cover;\" ><div class=\"fusion-builder-row fusion-row fusion-flex-align-items-center fusion-flex-align-content-center fusion-flex-justify-content-center\" style=\"max-width:1248px;margin-left: calc(-4% \/ 2 );margin-right: calc(-4% \/ 2 );\"><div class=\"fusion-layout-column fusion_builder_column fusion-builder-column-0 fusion_builder_column_1_3 1_3 fusion-flex-column\"><div class=\"fusion-column-wrapper fusion-flex-justify-content-center fusion-content-layout-column\" style=\"background-position:left top;background-repeat:no-repeat;-webkit-background-size:cover;-moz-background-size:cover;-o-background-size:cover;background-size:cover;padding: 0px 0px 0px 0px;\"><div class=\"fusion-text fusion-text-1 fusion-text-no-margin\" style=\"text-align:center;font-size:16px;color:rgba(255,255,255,0.9);margin-bottom:5px;\"><p><i>&#8222;Unsere Besessenheit ist die Perfektion des Geschmacks.&#8220;<\/i><\/p>\n<\/div><div class=\"fusion-text fusion-text-2\" style=\"text-align:center;font-size:16px;color:rgba(255,255,255,0.8);font-family:&quot;Zilla Slab&quot;;font-weight:500;\"><p>Sebastijan und Martina Kalin\u0161ek<\/p>\n<\/div><\/div><style type=\"text\/css\">.fusion-body .fusion-builder-column-0{width:33.333333333333% !important;margin-top : 0px;margin-bottom : 0px;}.fusion-builder-column-0 > .fusion-column-wrapper {padding-top : 0px !important;padding-right : 0px !important;margin-right : 0%;padding-bottom : 0px !important;padding-left : 0px !important;margin-left : 0%;}@media only screen and (max-width:1024px) {.fusion-body .fusion-builder-column-0{width:33.333333333333% !important;order : 0;}.fusion-builder-column-0 > .fusion-column-wrapper {margin-right : 0%;margin-left : 0%;}}@media only screen and (max-width:640px) {.fusion-body .fusion-builder-column-0{width:100% !important;order : 0;}.fusion-builder-column-0 > .fusion-column-wrapper {margin-right : 1.92%;margin-left : 1.92%;}}<\/style><\/div><\/div><style type=\"text\/css\">.fusion-body .fusion-flex-container.fusion-builder-row-1{ padding-top : 180px;margin-top : 0px;padding-right : 0px;padding-bottom : 70px;margin-bottom : 0px;padding-left : 0px;}<\/style><\/div><div class=\"fusion-fullwidth fullwidth-box fusion-builder-row-2 fusion-flex-container fusion-parallax-none background-size nonhundred-percent-fullwidth non-hundred-percent-height-scrolling\" style=\"background-color: #d6cab5;background-image: url(&quot;http:\/\/www.20chocolate.si\/wp-content\/uploads\/2021\/04\/20-chocolate-pattern-bg-white-20op.png&quot;);background-position: right bottom;background-repeat: no-repeat;border-width: 0px 0px 0px 0px;border-color:#e2e2e2;border-style:solid;-webkit-background-size:cover;-moz-background-size:cover;-o-background-size:cover;background-size:cover;\" ><div class=\"fusion-builder-row fusion-row fusion-flex-align-items-flex-start\" style=\"max-width:1248px;margin-left: calc(-4% \/ 2 );margin-right: calc(-4% \/ 2 );\"><div class=\"fusion-layout-column fusion_builder_column fusion-builder-column-1 fusion_builder_column_1_1 1_1 fusion-flex-column fusion-flex-align-self-flex-start\"><div class=\"fusion-column-wrapper fusion-flex-justify-content-flex-start fusion-content-layout-column\" style=\"background-position:left top;background-repeat:no-repeat;-webkit-background-size:cover;-moz-background-size:cover;-o-background-size:cover;background-size:cover;padding: 0px 0px 0px 0px;\"><div class=\"fusion-text fusion-text-3\" style=\"color:#432923;\"><p>Der heilige Gral des Gl\u00fccks scheint darin zu bestehen, seine Leidenschaft zu finden. Wenn man sie gefunden hat und sein Leben so anpasst, dass dieses Gef\u00fchl der Erf\u00fcllung erhalten bleibt, ist jeder neue Morgen anders. Ich Sebastijan und meine Frau Martina haben sie gefunden. Unsere Leidenschaft ist die Schokolade in all ihrer Pracht. Aber keine solche Schokolade, die f\u00fcr die Massenproduktion gedacht ist.<\/p>\n<p>Wir betrachten Schokolade als die Essenz des Gl\u00fccks, die von Mutter Natur geschaffen und uns in der sch\u00fcchternen, aber herrlichen Form kleiner Fr\u00fcchte pr\u00e4sentiert wurde. Wir haben wie kleine Kinder angefangen, wenn sie zum ersten Mal Schokolade probieren. Sie bei\u00dfen ein, h\u00f6ren zu denken auf und genie\u00dfen es endlos. Es hat uns so gut gefallen, dass wir uns auf eine lange Reise um den \u00c4quator begeben haben, wo die besten Kakaob\u00e4ume der Welt wachsen. Wir haben unz\u00e4hlige Ausbildungen durchlaufen, alle bekannten und unbekannten Kakaofelder durchk\u00e4mmt, Tage und Abende bei Bauern verbracht, die mit ihren Familien seit Generationen von dieser kostbaren Frucht leben. Doch den richtigen Weg der Erforschung und des Verst\u00e4ndnisses von Kakao mussten wir jedoch selbst einschlagen. Wir sind f\u00fcr eine Zeit lang in den Garagenraum \u201eumgesiedelt\u201c und haben Schritt f\u00fcr Schritt angefangen.<\/p>\n<p>Seit dem ersten Abend sind viele Jahre vergangen. Haben wir das Ziel erreicht? Nein. Wann werden wir es erreichen? Hoffentlich nie. Denn genau darin liegt der Reiz. Die Aromavielfalt der Kakaoessenz ist eine endlose Geschichte, die sich jeden Tag ein wenig \u00e4ndert. Wenn wir uns \u00fcber etwas sicher sind, dann ist das das: Kakao ist unser Leben. 20 Chocolate ist unser Leben.<\/p>\n<\/div><div class=\"fusion-text fusion-text-4\" style=\"color:#432923;margin-top:20px;\"><p>Im Jahr 2016 wurden wir unter die TOP 8 der innovativen slowenischen Produkte gew\u00e4hlt und erhielten somit einen Platz im Projekt \u00bbSTART SLOVENIA\u00ab. Das Projekt war so erfolgreich, dass es mit dem WARC Silver Award als eines der innovativsten Marketingprojekte der Welt ausgezeichnet wurde. Wir haben den Preis in New York erhalten.<\/p>\n<\/div><div class=\"fusion-video fusion-selfhosted-video\" style=\"margin-top:10px;margin-bottom:10px;max-width:100%;\"><div class=\"video-wrapper\"><video playsinline=\"true\" width=\"100%\" style=\"object-fit: cover;\" poster=\"http:\/\/www.20chocolate.si\/wp-content\/uploads\/2022\/01\/video-snap-20chocolate.png\" preload=\"metadata\" controls=\"1\"><source src=\"https:\/\/www.20chocolate.si\/wp-content\/uploads\/2022\/01\/startaj-slovenija-de.mp4\" type=\"video\/mp4\">Sorry, your browser doesn&#039;t support embedded videos.<\/video><\/div><\/div><\/div><style type=\"text\/css\">.fusion-body .fusion-builder-column-1{width:100% !important;margin-top : 0px;margin-bottom : 20px;}.fusion-builder-column-1 > .fusion-column-wrapper {padding-top : 0px !important;padding-right : 0px !important;margin-right : 1.92%;padding-bottom : 0px !important;padding-left : 0px !important;margin-left : 1.92%;}@media only screen and (max-width:1024px) {.fusion-body .fusion-builder-column-1{width:100% !important;order : 0;}.fusion-builder-column-1 > .fusion-column-wrapper {margin-right : 1.92%;margin-left : 1.92%;}}@media only screen and (max-width:640px) {.fusion-body .fusion-builder-column-1{width:100% !important;order : 0;}.fusion-builder-column-1 > .fusion-column-wrapper {margin-right : 1.92%;margin-left : 1.92%;}}<\/style><\/div><div class=\"fusion-layout-column fusion_builder_column fusion-builder-column-2 fusion_builder_column_1_2 1_2 fusion-flex-column fusion-flex-align-self-flex-start\"><div class=\"fusion-column-wrapper fusion-flex-justify-content-flex-start fusion-content-layout-column\" style=\"background-position:left top;background-repeat:no-repeat;-webkit-background-size:cover;-moz-background-size:cover;-o-background-size:cover;background-size:cover;padding: 0px 0px 0px 0px;\"><div ><span class=\" fusion-imageframe imageframe-none imageframe-1 hover-type-none\" style=\"margin-bottom:60px;\"><img decoding=\"async\" width=\"1000\" height=\"1500\" title=\"20chocolate-ona\" src=\"http:\/\/www.20chocolate.si\/wp-content\/uploads\/2021\/04\/20chocolate-ona.jpg\" class=\"img-responsive wp-image-595\" srcset=\"https:\/\/www.20chocolate.si\/wp-content\/uploads\/2021\/04\/20chocolate-ona-200x300.jpg 200w, https:\/\/www.20chocolate.si\/wp-content\/uploads\/2021\/04\/20chocolate-ona-400x600.jpg 400w, https:\/\/www.20chocolate.si\/wp-content\/uploads\/2021\/04\/20chocolate-ona-600x900.jpg 600w, https:\/\/www.20chocolate.si\/wp-content\/uploads\/2021\/04\/20chocolate-ona-800x1200.jpg 800w, https:\/\/www.20chocolate.si\/wp-content\/uploads\/2021\/04\/20chocolate-ona.jpg 1000w\" sizes=\"(max-width: 640px) 100vw, 600px\" \/><\/span><\/div><\/div><style type=\"text\/css\">.fusion-body .fusion-builder-column-2{width:50% !important;margin-top : 0px;margin-bottom : 20px;}.fusion-builder-column-2 > .fusion-column-wrapper {padding-top : 0px !important;padding-right : 0px !important;margin-right : 3.84%;padding-bottom : 0px !important;padding-left : 0px !important;margin-left : 3.84%;}@media only screen and (max-width:1024px) {.fusion-body .fusion-builder-column-2{width:50% !important;order : 0;}.fusion-builder-column-2 > .fusion-column-wrapper {margin-right : 3.84%;margin-left : 3.84%;}}@media only screen and (max-width:640px) {.fusion-body .fusion-builder-column-2{width:100% !important;order : 0;}.fusion-builder-column-2 > .fusion-column-wrapper {margin-right : 1.92%;margin-left : 1.92%;}}<\/style><\/div><div class=\"fusion-layout-column fusion_builder_column fusion-builder-column-3 fusion_builder_column_1_2 1_2 fusion-flex-column fusion-flex-align-self-flex-start\"><div class=\"fusion-column-wrapper fusion-flex-justify-content-flex-start fusion-content-layout-column\" style=\"background-position:left top;background-repeat:no-repeat;-webkit-background-size:cover;-moz-background-size:cover;-o-background-size:cover;background-size:cover;padding: 0px 0px 0px 0px;\"><div ><span class=\" fusion-imageframe imageframe-none imageframe-2 hover-type-none\"><img decoding=\"async\" width=\"1000\" height=\"1500\" title=\"20chocolate-on\" src=\"http:\/\/www.20chocolate.si\/wp-content\/uploads\/2021\/04\/20chocolate-on.jpg\" class=\"img-responsive wp-image-599\" srcset=\"https:\/\/www.20chocolate.si\/wp-content\/uploads\/2021\/04\/20chocolate-on-200x300.jpg 200w, https:\/\/www.20chocolate.si\/wp-content\/uploads\/2021\/04\/20chocolate-on-400x600.jpg 400w, https:\/\/www.20chocolate.si\/wp-content\/uploads\/2021\/04\/20chocolate-on-600x900.jpg 600w, https:\/\/www.20chocolate.si\/wp-content\/uploads\/2021\/04\/20chocolate-on-800x1200.jpg 800w, https:\/\/www.20chocolate.si\/wp-content\/uploads\/2021\/04\/20chocolate-on.jpg 1000w\" sizes=\"(max-width: 640px) 100vw, 600px\" \/><\/span><\/div><\/div><style type=\"text\/css\">.fusion-body .fusion-builder-column-3{width:50% !important;margin-top : 0px;margin-bottom : 20px;}.fusion-builder-column-3 > .fusion-column-wrapper {padding-top : 0px !important;padding-right : 0px !important;margin-right : 3.84%;padding-bottom : 0px !important;padding-left : 0px !important;margin-left : 3.84%;}@media only screen and (max-width:1024px) {.fusion-body .fusion-builder-column-3{width:50% !important;order : 0;}.fusion-builder-column-3 > .fusion-column-wrapper {margin-right : 3.84%;margin-left : 3.84%;}}@media only screen and (max-width:640px) {.fusion-body .fusion-builder-column-3{width:100% !important;order : 0;}.fusion-builder-column-3 > .fusion-column-wrapper {margin-right : 1.92%;margin-left : 1.92%;}}<\/style><\/div><\/div><style type=\"text\/css\">.fusion-body .fusion-flex-container.fusion-builder-row-2{ padding-top : 4%;margin-top : 0px;padding-right : 0px;padding-bottom : 4%;margin-bottom : 0px;padding-left : 0px;}<\/style><\/div><\/p>\n","protected":false},"excerpt":{"rendered":"","protected":false},"author":1,"featured_media":655,"parent":0,"menu_order":0,"comment_status":"closed","ping_status":"closed","template":"100-width.php","meta":{"footnotes":""},"class_list":["post-764","page","type-page","status-publish","has-post-thumbnail","hentry"],"acf":[],"yoast_head":"<!-- This site is optimized with the Yoast SEO plugin v19.10 - https:\/\/yoast.com\/wordpress\/plugins\/seo\/ -->\n<title>\u00dcber uns - 20chocolate<\/title>\n<meta name=\"description\" content=\"&quot;Unsere Besessenheit ist die Perfektion des Geschmacks.&quot;\" \/>\n<meta name=\"robots\" content=\"index, follow, max-snippet:-1, max-image-preview:large, max-video-preview:-1\" \/>\n<link rel=\"canonical\" href=\"https:\/\/www.20chocolate.si\/de\/ueber-uns\/\" \/>\n<meta property=\"og:locale\" content=\"de_DE\" \/>\n<meta property=\"og:type\" content=\"article\" \/>\n<meta property=\"og:title\" content=\"\u00dcber uns - 20chocolate\" \/>\n<meta property=\"og:description\" content=\"&quot;Unsere Besessenheit ist die Perfektion des Geschmacks.&quot;\" \/>\n<meta property=\"og:url\" content=\"https:\/\/www.20chocolate.si\/de\/ueber-uns\/\" \/>\n<meta property=\"og:site_name\" content=\"20chocolate\" \/>\n<meta property=\"article:modified_time\" content=\"2022-01-07T20:47:08+00:00\" \/>\n<meta property=\"og:image\" content=\"http:\/\/www.20chocolate.si\/wp-content\/uploads\/2021\/04\/20chocolate-filozofija-lesniki.jpg\" \/>\n\t<meta property=\"og:image:width\" content=\"1000\" \/>\n\t<meta property=\"og:image:height\" content=\"1778\" \/>\n\t<meta property=\"og:image:type\" content=\"image\/jpeg\" \/>\n<meta name=\"twitter:card\" content=\"summary_large_image\" \/>\n<meta name=\"twitter:label1\" content=\"Gesch\u00e4tzte Lesezeit\" \/>\n\t<meta name=\"twitter:data1\" content=\"11\u00a0Minuten\" \/>\n<script type=\"application\/ld+json\" class=\"yoast-schema-graph\">{\"@context\":\"https:\/\/schema.org\",\"@graph\":[{\"@type\":\"WebPage\",\"@id\":\"https:\/\/www.20chocolate.si\/de\/ueber-uns\/\",\"url\":\"https:\/\/www.20chocolate.si\/de\/ueber-uns\/\",\"name\":\"\u00dcber uns - 20chocolate\",\"isPartOf\":{\"@id\":\"https:\/\/www.20chocolate.si\/#website\"},\"datePublished\":\"2022-01-05T21:28:19+00:00\",\"dateModified\":\"2022-01-07T20:47:08+00:00\",\"description\":\"\\\"Unsere Besessenheit ist die Perfektion des Geschmacks.\\\"\",\"breadcrumb\":{\"@id\":\"https:\/\/www.20chocolate.si\/de\/ueber-uns\/#breadcrumb\"},\"inLanguage\":\"de\",\"potentialAction\":[{\"@type\":\"ReadAction\",\"target\":[\"https:\/\/www.20chocolate.si\/de\/ueber-uns\/\"]}]},{\"@type\":\"BreadcrumbList\",\"@id\":\"https:\/\/www.20chocolate.si\/de\/ueber-uns\/#breadcrumb\",\"itemListElement\":[{\"@type\":\"ListItem\",\"position\":1,\"name\":\"Home\",\"item\":\"https:\/\/www.20chocolate.si\/de\/\"},{\"@type\":\"ListItem\",\"position\":2,\"name\":\"\u00dcber uns\"}]},{\"@type\":\"WebSite\",\"@id\":\"https:\/\/www.20chocolate.si\/#website\",\"url\":\"https:\/\/www.20chocolate.si\/\",\"name\":\"20chocolate\",\"description\":\"Chocolate page\",\"potentialAction\":[{\"@type\":\"SearchAction\",\"target\":{\"@type\":\"EntryPoint\",\"urlTemplate\":\"https:\/\/www.20chocolate.si\/?s={search_term_string}\"},\"query-input\":\"required name=search_term_string\"}],\"inLanguage\":\"de\"}]}<\/script>\n<!-- \/ Yoast SEO plugin. -->","yoast_head_json":{"title":"\u00dcber uns - 20chocolate","description":"\"Unsere Besessenheit ist die Perfektion des Geschmacks.\"","robots":{"index":"index","follow":"follow","max-snippet":"max-snippet:-1","max-image-preview":"max-image-preview:large","max-video-preview":"max-video-preview:-1"},"canonical":"https:\/\/www.20chocolate.si\/de\/ueber-uns\/","og_locale":"de_DE","og_type":"article","og_title":"\u00dcber uns - 20chocolate","og_description":"\"Unsere Besessenheit ist die Perfektion des Geschmacks.\"","og_url":"https:\/\/www.20chocolate.si\/de\/ueber-uns\/","og_site_name":"20chocolate","article_modified_time":"2022-01-07T20:47:08+00:00","og_image":[{"width":1000,"height":1778,"url":"http:\/\/www.20chocolate.si\/wp-content\/uploads\/2021\/04\/20chocolate-filozofija-lesniki.jpg","type":"image\/jpeg"}],"twitter_card":"summary_large_image","twitter_misc":{"Gesch\u00e4tzte Lesezeit":"11\u00a0Minuten"},"schema":{"@context":"https:\/\/schema.org","@graph":[{"@type":"WebPage","@id":"https:\/\/www.20chocolate.si\/de\/ueber-uns\/","url":"https:\/\/www.20chocolate.si\/de\/ueber-uns\/","name":"\u00dcber uns - 20chocolate","isPartOf":{"@id":"https:\/\/www.20chocolate.si\/#website"},"datePublished":"2022-01-05T21:28:19+00:00","dateModified":"2022-01-07T20:47:08+00:00","description":"\"Unsere Besessenheit ist die Perfektion des Geschmacks.\"","breadcrumb":{"@id":"https:\/\/www.20chocolate.si\/de\/ueber-uns\/#breadcrumb"},"inLanguage":"de","potentialAction":[{"@type":"ReadAction","target":["https:\/\/www.20chocolate.si\/de\/ueber-uns\/"]}]},{"@type":"BreadcrumbList","@id":"https:\/\/www.20chocolate.si\/de\/ueber-uns\/#breadcrumb","itemListElement":[{"@type":"ListItem","position":1,"name":"Home","item":"https:\/\/www.20chocolate.si\/de\/"},{"@type":"ListItem","position":2,"name":"\u00dcber uns"}]},{"@type":"WebSite","@id":"https:\/\/www.20chocolate.si\/#website","url":"https:\/\/www.20chocolate.si\/","name":"20chocolate","description":"Chocolate page","potentialAction":[{"@type":"SearchAction","target":{"@type":"EntryPoint","urlTemplate":"https:\/\/www.20chocolate.si\/?s={search_term_string}"},"query-input":"required name=search_term_string"}],"inLanguage":"de"}]}},"_links":{"self":[{"href":"https:\/\/www.20chocolate.si\/de\/wp-json\/wp\/v2\/pages\/764","targetHints":{"allow":["GET"]}}],"collection":[{"href":"https:\/\/www.20chocolate.si\/de\/wp-json\/wp\/v2\/pages"}],"about":[{"href":"https:\/\/www.20chocolate.si\/de\/wp-json\/wp\/v2\/types\/page"}],"author":[{"embeddable":true,"href":"https:\/\/www.20chocolate.si\/de\/wp-json\/wp\/v2\/users\/1"}],"replies":[{"embeddable":true,"href":"https:\/\/www.20chocolate.si\/de\/wp-json\/wp\/v2\/comments?post=764"}],"version-history":[{"count":7,"href":"https:\/\/www.20chocolate.si\/de\/wp-json\/wp\/v2\/pages\/764\/revisions"}],"predecessor-version":[{"id":873,"href":"https:\/\/www.20chocolate.si\/de\/wp-json\/wp\/v2\/pages\/764\/revisions\/873"}],"wp:featuredmedia":[{"embeddable":true,"href":"https:\/\/www.20chocolate.si\/de\/wp-json\/wp\/v2\/media\/655"}],"wp:attachment":[{"href":"https:\/\/www.20chocolate.si\/de\/wp-json\/wp\/v2\/media?parent=764"}],"curies":[{"name":"wp","href":"https:\/\/api.w.org\/{rel}","templated":true}]}}